{"id":649,"date":"2012-11-12T08:03:01","date_gmt":"2012-11-12T07:03:01","guid":{"rendered":"http:\/\/blog.helden-software.de\/?page_id=649"},"modified":"2012-12-17T15:24:54","modified_gmt":"2012-12-17T14:24:54","slug":"start","status":"publish","type":"page","link":"https:\/\/www.helden-software.de\/","title":{"rendered":"Willkommen bei der Helden-Software"},"content":{"rendered":"<p>Die Helden-Software ist ein Hilfsmittel zum Erstellen, Steigern und Verwalten von Helden f\u00fcr das Pen&amp;Paper-Rollenspiel &#8222;Das Schwarze Auge&#8220;.<\/p>\n<p>Unterst\u00fctzt wird in der aktuellen Version <a href=\"http:\/\/www.wiki-aventurica.de\/wiki\/Regelsystem\">DSA in der Regeledition 4.1<\/a>, inkl. der Settings\u00a0 &#8222;Die Dunklen Zeiten&#8220;, &#8222;Myranor&#8220;, und dazu die Spielhilfen &#8222;Wege der Alchimie&#8220;, &#8222;Von Toten und Untoten&#8220;, &#8222;Elementare Gewalten&#8220; und weitere, sowie einige Regelerweiterungen aus verschiedenen Aventurischen Boten, Abenteuern und die halboffizielle Spielhilfe zu Professionen aus &#8222;Unter dem Westwind&#8220;.<\/p>\n<p>Das Programm ist nur sinnvoll nutzbar, wenn ihr \u00fcber die Regelwerke verf\u00fcgt und Kenntnisse der Regeln habt. Blutigen Anf\u00e4nger raten wir, dass sie sich von einem erfahrenen Spieler helfen lassen.<\/p>\n<p>Mit <a href=\"https:\/\/online.helden-software.de\/\">Helden-Online<\/a> besteht die M\u00f6glichkeit seine Helden online zu speichern und von unterwegs Zugriff auf sie zu haben.<\/p>\n<p>Die Funktionen der Helden-Software k\u00f6nnen durch verschiedene Plugins erweitert und die Ausdrucke der Heldenb\u00f6gen mit eigenen Hintergr\u00fcnden versch\u00f6nert werden.<\/p>\n","protected":false},"excerpt":{"rendered":"<p>Die Helden-Software ist ein Hilfsmittel zum Erstellen, Steigern und Verwalten von Helden f\u00fcr das Pen&amp;Paper-Rollenspiel &#8222;Das Schwarze Auge&#8220;. Unterst\u00fctzt wird in der aktuellen Version DSA in der Regeledition 4.1, inkl. der Settings\u00a0 &#8222;Die Dunklen Zeiten&#8220;, &#8222;Myranor&#8220;, und dazu die Spielhilfen &#8222;Wege der Alchimie&#8220;, &#8222;Von Toten und Untoten&#8220;, &#8222;Elementare Gewalten&#8220; und weitere, sowie einige Regelerweiterungen aus [&hellip;]<\/p>\n","protected":false},"author":1,"featured_media":0,"parent":0,"menu_order":0,"comment_status":"closed","ping_status":"closed","template":"","meta":{"footnotes":""},"class_list":["post-649","page","type-page","status-publish","hentry"],"_links":{"self":[{"href":"https:\/\/www.helden-software.de\/index.php\/wp-json\/wp\/v2\/pages\/649","targetHints":{"allow":["GET"]}}],"collection":[{"href":"https:\/\/www.helden-software.de\/index.php\/wp-json\/wp\/v2\/pages"}],"about":[{"href":"https:\/\/www.helden-software.de\/index.php\/wp-json\/wp\/v2\/types\/page"}],"author":[{"embeddable":true,"href":"https:\/\/www.helden-software.de\/index.php\/wp-json\/wp\/v2\/users\/1"}],"replies":[{"embeddable":true,"href":"https:\/\/www.helden-software.de\/index.php\/wp-json\/wp\/v2\/comments?post=649"}],"version-history":[{"count":21,"href":"https:\/\/www.helden-software.de\/index.php\/wp-json\/wp\/v2\/pages\/649\/revisions"}],"predecessor-version":[{"id":914,"href":"https:\/\/www.helden-software.de\/index.php\/wp-json\/wp\/v2\/pages\/649\/revisions\/914"}],"wp:attachment":[{"href":"https:\/\/www.helden-software.de\/index.php\/wp-json\/wp\/v2\/media?parent=649"}],"curies":[{"name":"wp","href":"https:\/\/api.w.org\/{rel}","templated":true}]}}