{"id":664,"date":"2012-11-27T20:52:58","date_gmt":"2012-11-27T19:52:58","guid":{"rendered":"http:\/\/temp.helden-software.de\/?page_id=664"},"modified":"2016-07-15T19:21:43","modified_gmt":"2016-07-15T18:21:43","slug":"das-team","status":"publish","type":"page","link":"https:\/\/www.helden-software.de\/index.php\/das-team\/","title":{"rendered":"Das Team"},"content":{"rendered":"<p>Das Team der Helden-Software besteht momentan aus<\/p>\n<p><strong>Hauptverantwortliche:<br \/>\n<\/strong>Lutz Berthold &#8211; Projektleiter, Tester, Entwickler, Regelinterpretation<br \/>\nSven Bursch &#8211; Projektleiter, Entwickler<br \/>\nChristian Kulenkampff &#8211; Entwickler<br \/>\nHenning Rogge &#8211; Entwickler<\/p>\n<p><strong>Tester:<\/strong><br \/>\nFlorian Gre\u00df<br \/>\nBj\u00f6rn Sch\u00e4pers<br \/>\nFalk Swoboda<br \/>\nDominik Wulf<\/p>\n<p>Im Laufe der letzten Jahre haben viele Menschen mitgeholfen die Helden-Software weiterzuentwicklen: <a href=\"https:\/\/www.helden-software.de\/index.php\/ehemalige-mitglieder\/\">Ehemalige Mitglieder<\/a><\/p>\n<p>&nbsp;<\/p>\n<p>&nbsp;<\/p>\n","protected":false},"excerpt":{"rendered":"<p>Das Team der Helden-Software besteht momentan aus Hauptverantwortliche: Lutz Berthold &#8211; Projektleiter, Tester, Entwickler, Regelinterpretation Sven Bursch &#8211; Projektleiter, Entwickler Christian Kulenkampff &#8211; Entwickler Henning Rogge &#8211; Entwickler Tester: Florian Gre\u00df Bj\u00f6rn Sch\u00e4pers Falk Swoboda Dominik Wulf Im Laufe der letzten Jahre haben viele Menschen mitgeholfen die Helden-Software weiterzuentwicklen: &nbsp; &nbsp;<\/p>\n","protected":false},"author":2,"featured_media":0,"parent":0,"menu_order":0,"comment_status":"closed","ping_status":"open","template":"","meta":{"footnotes":""},"class_list":["post-664","page","type-page","status-publish","hentry"],"_links":{"self":[{"href":"https:\/\/www.helden-software.de\/index.php\/wp-json\/wp\/v2\/pages\/664","targetHints":{"allow":["GET"]}}],"collection":[{"href":"https:\/\/www.helden-software.de\/index.php\/wp-json\/wp\/v2\/pages"}],"about":[{"href":"https:\/\/www.helden-software.de\/index.php\/wp-json\/wp\/v2\/types\/page"}],"author":[{"embeddable":true,"href":"https:\/\/www.helden-software.de\/index.php\/wp-json\/wp\/v2\/users\/2"}],"replies":[{"embeddable":true,"href":"https:\/\/www.helden-software.de\/index.php\/wp-json\/wp\/v2\/comments?post=664"}],"version-history":[{"count":17,"href":"https:\/\/www.helden-software.de\/index.php\/wp-json\/wp\/v2\/pages\/664\/revisions"}],"predecessor-version":[{"id":1431,"href":"https:\/\/www.helden-software.de\/index.php\/wp-json\/wp\/v2\/pages\/664\/revisions\/1431"}],"wp:attachment":[{"href":"https:\/\/www.helden-software.de\/index.php\/wp-json\/wp\/v2\/media?parent=664"}],"curies":[{"name":"wp","href":"https:\/\/api.w.org\/{rel}","templated":true}]}}