{"id":856,"date":"2012-12-02T16:56:32","date_gmt":"2012-12-02T15:56:32","guid":{"rendered":"http:\/\/temp.helden-software.de\/?page_id=856"},"modified":"2012-12-17T15:24:54","modified_gmt":"2012-12-17T14:24:54","slug":"danksagung-und-partner","status":"publish","type":"page","link":"https:\/\/www.helden-software.de\/index.php\/danksagung-und-partner\/","title":{"rendered":"Danksagung"},"content":{"rendered":"<p>An dieser Stelle m\u00f6chten wir zu aller erst zwei Firmen danken, die die Helden-Software unterst\u00fctzt haben: <a href=\"http:\/\/www.uhrwerk-verlag.de\/\">Ulisses Spiele<\/a> und<a href=\"http:\/\/www.uhrwerk-verlag.de\/\"> Uhrwerk-Verlag<\/a><\/p>\n<p>&nbsp;<\/p>\n<p>Als Einzelpersonen m\u00f6chten wir uns bei Alex Spohr (Kontakt zu Ulisses Spiele), Fabian Talkenberg (WnM) und\u00a0Ragnar Schwefel (UdW) bedanken. Ohne ihre Hilfe h\u00e4tten wir bei der\u00a0 Implementierung oftmals raten m\u00fcssen.<\/p>\n<p>&nbsp;<\/p>\n<p>Diana Rahfoth m\u00f6chten wir ganz herzlich f\u00fcr das Logo danken, das sie f\u00fcr uns angefertigt hat.<\/p>\n<p><a href=\"http:\/\/temp.helden-software.de\/wp-content\/uploads\/2012\/12\/logo200px.png\"><img loading=\"lazy\" decoding=\"async\" class=\"alignnone size-full wp-image-858\" title=\"Logo\" src=\"http:\/\/temp.helden-software.de\/wp-content\/uploads\/2012\/12\/logo200px.png\" alt=\"\" width=\"200\" height=\"207\" \/><\/a><\/p>\n<p>&nbsp;<\/p>\n<p>&nbsp;<\/p>\n","protected":false},"excerpt":{"rendered":"<p>An dieser Stelle m\u00f6chten wir zu aller erst zwei Firmen danken, die die Helden-Software unterst\u00fctzt haben: Ulisses Spiele und Uhrwerk-Verlag &nbsp; Als Einzelpersonen m\u00f6chten wir uns bei Alex Spohr (Kontakt zu Ulisses Spiele), Fabian Talkenberg (WnM) und\u00a0Ragnar Schwefel (UdW) bedanken. Ohne ihre Hilfe h\u00e4tten wir bei der\u00a0 Implementierung oftmals raten m\u00fcssen. &nbsp; Diana Rahfoth m\u00f6chten [&hellip;]<\/p>\n","protected":false},"author":1,"featured_media":0,"parent":0,"menu_order":0,"comment_status":"closed","ping_status":"open","template":"","meta":{"footnotes":""},"class_list":["post-856","page","type-page","status-publish","hentry"],"_links":{"self":[{"href":"https:\/\/www.helden-software.de\/index.php\/wp-json\/wp\/v2\/pages\/856","targetHints":{"allow":["GET"]}}],"collection":[{"href":"https:\/\/www.helden-software.de\/index.php\/wp-json\/wp\/v2\/pages"}],"about":[{"href":"https:\/\/www.helden-software.de\/index.php\/wp-json\/wp\/v2\/types\/page"}],"author":[{"embeddable":true,"href":"https:\/\/www.helden-software.de\/index.php\/wp-json\/wp\/v2\/users\/1"}],"replies":[{"embeddable":true,"href":"https:\/\/www.helden-software.de\/index.php\/wp-json\/wp\/v2\/comments?post=856"}],"version-history":[{"count":7,"href":"https:\/\/www.helden-software.de\/index.php\/wp-json\/wp\/v2\/pages\/856\/revisions"}],"predecessor-version":[{"id":902,"href":"https:\/\/www.helden-software.de\/index.php\/wp-json\/wp\/v2\/pages\/856\/revisions\/902"}],"wp:attachment":[{"href":"https:\/\/www.helden-software.de\/index.php\/wp-json\/wp\/v2\/media?parent=856"}],"curies":[{"name":"wp","href":"https:\/\/api.w.org\/{rel}","templated":true}]}}